{"id":3538,"date":"2026-04-15T12:11:58","date_gmt":"2026-04-15T16:11:58","guid":{"rendered":"https:\/\/valentinaoropeza.com\/?page_id=3538"},"modified":"2026-04-15T12:43:39","modified_gmt":"2026-04-15T16:43:39","slug":"migration","status":"publish","type":"page","link":"https:\/\/valentinaoropeza.com\/en\/migration\/","title":{"rendered":"Migration"},"content":{"rendered":"<p>[et_pb_section fb_built=&#8221;1&#8243; fullwidth=&#8221;on&#8221; _builder_version=&#8221;4.16&#8243; bottom_divider_style=&#8221;curve&#8221; bottom_divider_color=&#8221;#ffffff&#8221; bottom_divider_style_tablet=&#8221;none&#8221; bottom_divider_style_phone=&#8221;&#8221; bottom_divider_style_last_edited=&#8221;on|desktop&#8221; locked=&#8221;off&#8221; global_colors_info=&#8221;{}&#8221;][et_pb_fullwidth_header title=&#8221;Migration&#8221; subhead=&#8221;Migration&#8221; _builder_version=&#8221;4.27.6&#8243; title_font=&#8221;Shadows Into Light||||||||&#8221; title_text_align=&#8221;center&#8221; title_text_color=&#8221;rgba(0,0,0,0)&#8221; title_font_size=&#8221;50px&#8221; content_font=&#8221;|300|||||||&#8221; content_text_align=&#8221;center&#8221; content_text_color=&#8221;rgba(0,0,0,0)&#8221; content_font_size=&#8221;8px&#8221; content_line_height=&#8221;1em&#8221; subhead_font=&#8221;Zen Old Mincho|900||||on|||&#8221; subhead_text_align=&#8221;center&#8221; subhead_font_size=&#8221;50px&#8221; subhead_line_height=&#8221;2em&#8221; use_background_color_gradient=&#8221;on&#8221; background_color_gradient_type=&#8221;circular&#8221; background_color_gradient_stops=&#8221;rgba(102,11,48,0.3) 0%|rgba(0,0,0,0.6) 100%&#8221; background_color_gradient_start=&#8221;rgba(102,11,48,0.3)&#8221; background_color_gradient_end=&#8221;rgba(0,0,0,0.6)&#8221; background_image=&#8221;https:\/\/valentinaoropeza.com\/wp-content\/uploads\/2020\/08\/ValentinaOropeza-historias-investigaciones.jpg&#8221; background_blend=&#8221;multiply&#8221; custom_padding=&#8221;25px||25px||true|&#8221; subhead_font_size_tablet=&#8221;40px&#8221; subhead_font_size_phone=&#8221;30px&#8221; subhead_font_size_last_edited=&#8221;on|desktop&#8221; subhead_text_shadow_style=&#8221;preset3&#8243; global_colors_info=&#8221;{}&#8221;]<\/p>\n<p>Migration<\/p>\n<p>[\/et_pb_fullwidth_header][\/et_pb_section][et_pb_section fb_built=&#8221;1&#8243; _builder_version=&#8221;4.16&#8243; background_color=&#8221;#ffffff&#8221; bottom_divider_height=&#8221;70px&#8221; locked=&#8221;off&#8221; global_colors_info=&#8221;{}&#8221;][et_pb_row column_structure=&#8221;1_3,1_3,1_3&#8243; _builder_version=&#8221;4.27.6&#8243; _module_preset=&#8221;default&#8221; animation_style=&#8221;fade&#8221; locked=&#8221;off&#8221; global_colors_info=&#8221;{}&#8221;][et_pb_column type=&#8221;1_3&#8243; _builder_version=&#8221;4.27.6&#8243; _module_preset=&#8221;default&#8221; global_colors_info=&#8221;{}&#8221;][et_pb_blurb title=&#8221; %22Nos secuestran y nos roban la cita con Migraci\u00f3n en EE.UU.%22: la nueva modalidad de los carteles mexicanos para extorsionar a los migrantes en la frontera&#8221; url=&#8221;https:\/\/www.bbc.com\/mundo\/articles\/c04rj8l8j1go&#8221; url_new_window=&#8221;on&#8221; use_icon=&#8221;on&#8221; font_icon=&#8221;&#x45;||divi||400&#8243; icon_placement=&#8221;left&#8221; _builder_version=&#8221;4.27.6&#8243; _module_preset=&#8221;default&#8221; header_level=&#8221;h2&#8243; header_font=&#8221;Zen Old Mincho|900|||||||&#8221; header_font_size=&#8221;18px&#8221; header_line_height=&#8221;1.4em&#8221; body_font=&#8221;Zen Old Mincho|700|||||||&#8221; custom_padding=&#8221;20px||20px||true|false&#8221; header_font_size_tablet=&#8221;18px&#8221; header_font_size_phone=&#8221;16px&#8221; header_font_size_last_edited=&#8221;on|phone&#8221; body_font_size_tablet=&#8221;14px&#8221; body_font_size_phone=&#8221;14px&#8221; body_font_size_last_edited=&#8221;on|desktop&#8221; global_colors_info=&#8221;{}&#8221;]<\/p>\n<p><a href=\"https:\/\/www.bbc.com\/mundo\/articles\/c04rj8l8j1go\" target=\"_blank\" rel=\"noopener\"><span style=\"color: #660b30;\"><strong>BBC News Mundo<\/strong><\/span><\/a><\/p>\n<p>[\/et_pb_blurb][\/et_pb_column][et_pb_column type=&#8221;1_3&#8243; _builder_version=&#8221;4.27.6&#8243; _module_preset=&#8221;default&#8221; global_colors_info=&#8221;{}&#8221;][et_pb_blurb title=&#8221;\u201cSe volvieron momias por el calor\u201d: los desgarradores testimonios de los voluntarios que recogen los cuerpos de los migrantes muertos en el desierto de Sonora&#8221; url=&#8221;https:\/\/www.bbc.com\/mundo\/articles\/c3grry0wngwo&#8221; url_new_window=&#8221;on&#8221; use_icon=&#8221;on&#8221; font_icon=&#8221;&#x45;||divi||400&#8243; icon_placement=&#8221;left&#8221; _builder_version=&#8221;4.27.6&#8243; _module_preset=&#8221;default&#8221; header_level=&#8221;h2&#8243; header_font=&#8221;Zen Old Mincho|900|||||||&#8221; header_font_size=&#8221;18px&#8221; header_line_height=&#8221;1.4em&#8221; body_font=&#8221;Zen Old Mincho|700|||||||&#8221; custom_padding=&#8221;20px||20px||true|false&#8221; header_font_size_tablet=&#8221;18px&#8221; header_font_size_phone=&#8221;16px&#8221; header_font_size_last_edited=&#8221;on|phone&#8221; body_font_size_tablet=&#8221;14px&#8221; body_font_size_phone=&#8221;14px&#8221; body_font_size_last_edited=&#8221;on|desktop&#8221; global_colors_info=&#8221;{}&#8221;]<\/p>\n<p><a href=\"https:\/\/www.bbc.com\/mundo\/articles\/c3grry0wngwo\" target=\"_blank\" rel=\"noopener\"><span style=\"color: #660b30;\"><strong>BBC News Mundo<\/strong><\/span><\/a><\/p>\n<p>[\/et_pb_blurb][\/et_pb_column][et_pb_column type=&#8221;1_3&#8243; _builder_version=&#8221;4.27.6&#8243; _module_preset=&#8221;default&#8221; global_colors_info=&#8221;{}&#8221;][et_pb_blurb title=&#8221;El Pastor y los 16 de Trinidad&#8221; url=&#8221;https:\/\/factor.prodavinci.com\/El-pastor-y-los-16-de-Trinidad\/&#8221; url_new_window=&#8221;on&#8221; use_icon=&#8221;on&#8221; font_icon=&#8221;&#x45;||divi||400&#8243; icon_placement=&#8221;left&#8221; _builder_version=&#8221;4.27.6&#8243; _module_preset=&#8221;default&#8221; header_level=&#8221;h2&#8243; header_font=&#8221;Zen Old Mincho|900|||||||&#8221; header_font_size=&#8221;18px&#8221; header_line_height=&#8221;1.4em&#8221; body_font=&#8221;Zen Old Mincho|700|||||||&#8221; custom_padding=&#8221;20px||20px||true|false&#8221; header_font_size_tablet=&#8221;18px&#8221; header_font_size_phone=&#8221;16px&#8221; header_font_size_last_edited=&#8221;on|phone&#8221; body_font_size_tablet=&#8221;14px&#8221; body_font_size_phone=&#8221;14px&#8221; body_font_size_last_edited=&#8221;on|desktop&#8221; global_colors_info=&#8221;{}&#8221;]<\/p>\n<p><a href=\"https:\/\/factor.prodavinci.com\/El-pastor-y-los-16-de-Trinidad\/\" target=\"_blank\" rel=\"noopener\"><span style=\"color: #660b30;\"><strong>Prodavinci<\/strong><\/span><\/a><\/p>\n<p>[\/et_pb_blurb][\/et_pb_column][\/et_pb_row][et_pb_row column_structure=&#8221;1_3,1_3,1_3&#8243; _builder_version=&#8221;4.27.6&#8243; _module_preset=&#8221;default&#8221; animation_style=&#8221;fade&#8221; locked=&#8221;off&#8221; global_colors_info=&#8221;{}&#8221;][et_pb_column type=&#8221;1_3&#8243; _builder_version=&#8221;4.27.6&#8243; _module_preset=&#8221;default&#8221; global_colors_info=&#8221;{}&#8221;][et_pb_blurb title=&#8221;%22Despu\u00e9s de arrojar a sus dos hijos, el hombre se lanz\u00f3 al vac\u00edo%22: el duro relato de los m\u00e9dicos que atienden a migrantes en la selva del Dari\u00e9n&#8221; url=&#8221;https:\/\/www.bbc.com\/mundo\/noticias-america-latina-62314343&#8243; url_new_window=&#8221;on&#8221; use_icon=&#8221;on&#8221; font_icon=&#8221;&#x45;||divi||400&#8243; icon_placement=&#8221;left&#8221; _builder_version=&#8221;4.27.6&#8243; _module_preset=&#8221;default&#8221; header_level=&#8221;h2&#8243; header_font=&#8221;Zen Old Mincho|900|||||||&#8221; header_font_size=&#8221;18px&#8221; header_line_height=&#8221;1.4em&#8221; body_font=&#8221;Zen Old Mincho|700|||||||&#8221; custom_padding=&#8221;20px||20px||true|false&#8221; header_font_size_tablet=&#8221;18px&#8221; header_font_size_phone=&#8221;16px&#8221; header_font_size_last_edited=&#8221;on|phone&#8221; body_font_size_tablet=&#8221;14px&#8221; body_font_size_phone=&#8221;14px&#8221; body_font_size_last_edited=&#8221;on|desktop&#8221; global_colors_info=&#8221;{}&#8221;]<\/p>\n<p><a href=\"https:\/\/www.bbc.com\/mundo\/noticias-america-latina-62314343\" target=\"_blank\" rel=\"noopener\"><span style=\"color: #660b30;\"><strong>BBC News Mundo<\/strong><\/span><\/a><\/p>\n<p>[\/et_pb_blurb][\/et_pb_column][et_pb_column type=&#8221;1_3&#8243; _builder_version=&#8221;4.27.6&#8243; _module_preset=&#8221;default&#8221; global_colors_info=&#8221;{}&#8221;][et_pb_blurb title=&#8221;Los mapas que muestran en qu\u00e9 pa\u00edses de Am\u00e9rica Latina est\u00e1n los migrantes venezolanos, el mayor \u00e9xodo de la historia de la regi\u00f3n&#8221; url=&#8221;https:\/\/www.bbc.com\/mundo\/articles\/c9837v73jg4o&#8221; url_new_window=&#8221;on&#8221; use_icon=&#8221;on&#8221; font_icon=&#8221;&#x45;||divi||400&#8243; icon_placement=&#8221;left&#8221; _builder_version=&#8221;4.27.6&#8243; _module_preset=&#8221;default&#8221; header_level=&#8221;h2&#8243; header_font=&#8221;Zen Old Mincho|900|||||||&#8221; header_font_size=&#8221;18px&#8221; header_line_height=&#8221;1.4em&#8221; body_font=&#8221;Zen Old Mincho|700|||||||&#8221; custom_padding=&#8221;20px||20px||true|false&#8221; header_font_size_tablet=&#8221;18px&#8221; header_font_size_phone=&#8221;16px&#8221; header_font_size_last_edited=&#8221;on|phone&#8221; body_font_size_tablet=&#8221;14px&#8221; body_font_size_phone=&#8221;14px&#8221; body_font_size_last_edited=&#8221;on|desktop&#8221; global_colors_info=&#8221;{}&#8221;]<\/p>\n<p><a href=\"https:\/\/www.bbc.com\/mundo\/articles\/c9837v73jg4o\" target=\"_blank\" rel=\"noopener\"><span style=\"color: #660b30;\"><strong>BBC News Mundo<\/strong><\/span><\/a><\/p>\n<p>[\/et_pb_blurb][\/et_pb_column][et_pb_column type=&#8221;1_3&#8243; _builder_version=&#8221;4.27.6&#8243; _module_preset=&#8221;default&#8221; global_colors_info=&#8221;{}&#8221;][et_pb_blurb title=&#8221;7 gr\u00e1ficos que muestran qui\u00e9nes son los migrantes indocumentados que Trump quiere deportar de EE.UU.&#8221; url=&#8221;https:\/\/www.bbc.com\/mundo\/articles\/c93k477nzd6o&#8221; url_new_window=&#8221;on&#8221; use_icon=&#8221;on&#8221; font_icon=&#8221;&#x45;||divi||400&#8243; icon_placement=&#8221;left&#8221; _builder_version=&#8221;4.27.6&#8243; _module_preset=&#8221;default&#8221; header_level=&#8221;h2&#8243; header_font=&#8221;Zen Old Mincho|900|||||||&#8221; header_font_size=&#8221;18px&#8221; header_line_height=&#8221;1.4em&#8221; body_font=&#8221;Zen Old Mincho|700|||||||&#8221; custom_padding=&#8221;20px||20px||true|false&#8221; header_font_size_tablet=&#8221;18px&#8221; header_font_size_phone=&#8221;16px&#8221; header_font_size_last_edited=&#8221;on|phone&#8221; body_font_size_tablet=&#8221;14px&#8221; body_font_size_phone=&#8221;14px&#8221; body_font_size_last_edited=&#8221;on|desktop&#8221; global_colors_info=&#8221;{}&#8221;]<\/p>\n<p><a href=\"https:\/\/www.bbc.com\/mundo\/articles\/c93k477nzd6o\" target=\"_blank\" rel=\"noopener\"><span style=\"color: #660b30;\"><strong>BBC News Mundo<\/strong><\/span><\/a><\/p>\n<p>[\/et_pb_blurb][\/et_pb_column][\/et_pb_row][et_pb_row _builder_version=&#8221;4.27.6&#8243; _module_preset=&#8221;default&#8221; global_colors_info=&#8221;{}&#8221;][et_pb_column type=&#8221;4_4&#8243; _builder_version=&#8221;4.27.6&#8243; _module_preset=&#8221;default&#8221; global_colors_info=&#8221;{}&#8221;][et_pb_text _builder_version=&#8221;4.27.6&#8243; _module_preset=&#8221;default&#8221; text_font=&#8221;Zen Old Mincho|900|||||||&#8221; text_text_color=&#8221;#88c4dd&#8221; link_font=&#8221;Zen Old Mincho||||||||&#8221; link_text_color=&#8221;#660b30&#8243; text_orientation=&#8221;center&#8221; hover_enabled=&#8221;0&#8243; global_module=&#8221;3550&#8243; saved_tabs=&#8221;all&#8221; locked=&#8221;off&#8221; global_colors_info=&#8221;{}&#8221; link_text_color__hover=&#8221;#88c4dd&#8221; link_text_color__hover_enabled=&#8221;on|desktop&#8221; sticky_enabled=&#8221;0&#8243;]<\/p>\n<p><a href=\"https:\/\/valentinaoropeza.com\/migration\">Migration<\/a> \u00b7 <a href=\"https:\/\/valentinaoropeza.com\/en\/public-health\/\">Public Health<\/a> \u00b7 <a href=\"https:\/\/valentinaoropeza.com\/en\/human-rigths\/\">Human Rigths<\/a> \u00b7 <a href=\"https:\/\/valentinaoropeza.com\/en\/gender\/\">Gender<\/a> \u00b7<a href=\"https:\/\/valentinaoropeza.com\/en\/organized-crime\/\"> Organized Crime<\/a> \u00b7 <a href=\"https:\/\/valentinaoropeza.com\/en\/coverages\/\">Investigations<\/a><\/p>\n<p>[\/et_pb_text][\/et_pb_column][\/et_pb_row][et_pb_row _builder_version=&#8221;4.16&#8243; _module_preset=&#8221;default&#8221; global_colors_info=&#8221;{}&#8221;][et_pb_column type=&#8221;4_4&#8243; _builder_version=&#8221;4.16&#8243; _module_preset=&#8221;default&#8221; global_colors_info=&#8221;{}&#8221;][et_pb_text _builder_version=&#8221;4.16&#8243; _module_preset=&#8221;default&#8221; text_font=&#8221;|300|||||||&#8221; text_text_color=&#8221;rgba(0,0,0,0)&#8221; text_font_size=&#8221;8px&#8221; text_line_height=&#8221;1em&#8221; global_colors_info=&#8221;{}&#8221;]<\/p>\n<p>Historias<\/p>\n<p>[\/et_pb_text][\/et_pb_column][\/et_pb_row][\/et_pb_section]<\/p>\n","protected":false},"excerpt":{"rendered":"<p>MigrationBBC News MundoBBC News MundoProdavinciBBC News MundoBBC News MundoBBC News MundoMigration \u00b7 Public Health \u00b7 Human Rigths \u00b7 Gender \u00b7 Organized Crime \u00b7 InvestigationsHistorias<\/p>\n","protected":false},"author":1,"featured_media":0,"parent":0,"menu_order":0,"comment_status":"closed","ping_status":"closed","template":"","meta":{"_et_pb_use_builder":"on","_et_pb_old_content":"","_et_gb_content_width":"","footnotes":""},"class_list":["post-3538","page","type-page","status-publish","hentry"],"yoast_head":"<!-- This site is optimized with the Yoast SEO plugin v27.4 - https:\/\/yoast.com\/product\/yoast-seo-wordpress\/ -->\n<title>Migration - Valentina Oropeza<\/title>\n<meta name=\"robots\" content=\"index, follow, max-snippet:-1, max-image-preview:large, max-video-preview:-1\" \/>\n<link rel=\"canonical\" href=\"https:\/\/valentinaoropeza.com\/en\/migration\/\" \/>\n<meta property=\"og:locale\" content=\"en_US\" \/>\n<meta property=\"og:type\" content=\"article\" \/>\n<meta property=\"og:title\" content=\"Migration - Valentina Oropeza\" \/>\n<meta property=\"og:description\" content=\"MigrationBBC News MundoBBC News MundoProdavinciBBC News MundoBBC News MundoBBC News MundoMigration \u00b7 Public Health \u00b7 Human Rigths \u00b7 Gender \u00b7 Organized Crime \u00b7 InvestigationsHistorias\" \/>\n<meta property=\"og:url\" content=\"https:\/\/valentinaoropeza.com\/en\/migration\/\" \/>\n<meta property=\"og:site_name\" content=\"Valentina Oropeza\" \/>\n<meta property=\"article:modified_time\" content=\"2026-04-15T16:43:39+00:00\" \/>\n<meta name=\"twitter:card\" content=\"summary_large_image\" \/>\n<script type=\"application\/ld+json\" class=\"yoast-schema-graph\">{\"@context\":\"https:\\\/\\\/schema.org\",\"@graph\":[{\"@type\":\"WebPage\",\"@id\":\"https:\\\/\\\/valentinaoropeza.com\\\/en\\\/migration\\\/\",\"url\":\"https:\\\/\\\/valentinaoropeza.com\\\/en\\\/migration\\\/\",\"name\":\"Migration - Valentina Oropeza\",\"isPartOf\":{\"@id\":\"https:\\\/\\\/valentinaoropeza.com\\\/en\\\/#website\"},\"datePublished\":\"2026-04-15T16:11:58+00:00\",\"dateModified\":\"2026-04-15T16:43:39+00:00\",\"breadcrumb\":{\"@id\":\"https:\\\/\\\/valentinaoropeza.com\\\/en\\\/migration\\\/#breadcrumb\"},\"inLanguage\":\"en-US\",\"potentialAction\":[{\"@type\":\"ReadAction\",\"target\":[\"https:\\\/\\\/valentinaoropeza.com\\\/en\\\/migration\\\/\"]}]},{\"@type\":\"BreadcrumbList\",\"@id\":\"https:\\\/\\\/valentinaoropeza.com\\\/en\\\/migration\\\/#breadcrumb\",\"itemListElement\":[{\"@type\":\"ListItem\",\"position\":1,\"name\":\"Portada\",\"item\":\"https:\\\/\\\/valentinaoropeza.com\\\/en\\\/\"},{\"@type\":\"ListItem\",\"position\":2,\"name\":\"Migration\"}]},{\"@type\":\"WebSite\",\"@id\":\"https:\\\/\\\/valentinaoropeza.com\\\/en\\\/#website\",\"url\":\"https:\\\/\\\/valentinaoropeza.com\\\/en\\\/\",\"name\":\"Valentina Oropeza\",\"description\":\"Periodista, Investigadora y Conferencista\",\"potentialAction\":[{\"@type\":\"SearchAction\",\"target\":{\"@type\":\"EntryPoint\",\"urlTemplate\":\"https:\\\/\\\/valentinaoropeza.com\\\/en\\\/?s={search_term_string}\"},\"query-input\":{\"@type\":\"PropertyValueSpecification\",\"valueRequired\":true,\"valueName\":\"search_term_string\"}}],\"inLanguage\":\"en-US\"}]}<\/script>\n<!-- \/ Yoast SEO plugin. -->","yoast_head_json":{"title":"Migration - Valentina Oropeza","robots":{"index":"index","follow":"follow","max-snippet":"max-snippet:-1","max-image-preview":"max-image-preview:large","max-video-preview":"max-video-preview:-1"},"canonical":"https:\/\/valentinaoropeza.com\/en\/migration\/","og_locale":"en_US","og_type":"article","og_title":"Migration - Valentina Oropeza","og_description":"MigrationBBC News MundoBBC News MundoProdavinciBBC News MundoBBC News MundoBBC News MundoMigration \u00b7 Public Health \u00b7 Human Rigths \u00b7 Gender \u00b7 Organized Crime \u00b7 InvestigationsHistorias","og_url":"https:\/\/valentinaoropeza.com\/en\/migration\/","og_site_name":"Valentina Oropeza","article_modified_time":"2026-04-15T16:43:39+00:00","twitter_card":"summary_large_image","schema":{"@context":"https:\/\/schema.org","@graph":[{"@type":"WebPage","@id":"https:\/\/valentinaoropeza.com\/en\/migration\/","url":"https:\/\/valentinaoropeza.com\/en\/migration\/","name":"Migration - Valentina Oropeza","isPartOf":{"@id":"https:\/\/valentinaoropeza.com\/en\/#website"},"datePublished":"2026-04-15T16:11:58+00:00","dateModified":"2026-04-15T16:43:39+00:00","breadcrumb":{"@id":"https:\/\/valentinaoropeza.com\/en\/migration\/#breadcrumb"},"inLanguage":"en-US","potentialAction":[{"@type":"ReadAction","target":["https:\/\/valentinaoropeza.com\/en\/migration\/"]}]},{"@type":"BreadcrumbList","@id":"https:\/\/valentinaoropeza.com\/en\/migration\/#breadcrumb","itemListElement":[{"@type":"ListItem","position":1,"name":"Portada","item":"https:\/\/valentinaoropeza.com\/en\/"},{"@type":"ListItem","position":2,"name":"Migration"}]},{"@type":"WebSite","@id":"https:\/\/valentinaoropeza.com\/en\/#website","url":"https:\/\/valentinaoropeza.com\/en\/","name":"Valentina Oropeza","description":"Periodista, Investigadora y Conferencista","potentialAction":[{"@type":"SearchAction","target":{"@type":"EntryPoint","urlTemplate":"https:\/\/valentinaoropeza.com\/en\/?s={search_term_string}"},"query-input":{"@type":"PropertyValueSpecification","valueRequired":true,"valueName":"search_term_string"}}],"inLanguage":"en-US"}]}},"_links":{"self":[{"href":"https:\/\/valentinaoropeza.com\/en\/wp-json\/wp\/v2\/pages\/3538","targetHints":{"allow":["GET"]}}],"collection":[{"href":"https:\/\/valentinaoropeza.com\/en\/wp-json\/wp\/v2\/pages"}],"about":[{"href":"https:\/\/valentinaoropeza.com\/en\/wp-json\/wp\/v2\/types\/page"}],"author":[{"embeddable":true,"href":"https:\/\/valentinaoropeza.com\/en\/wp-json\/wp\/v2\/users\/1"}],"replies":[{"embeddable":true,"href":"https:\/\/valentinaoropeza.com\/en\/wp-json\/wp\/v2\/comments?post=3538"}],"version-history":[{"count":6,"href":"https:\/\/valentinaoropeza.com\/en\/wp-json\/wp\/v2\/pages\/3538\/revisions"}],"predecessor-version":[{"id":3584,"href":"https:\/\/valentinaoropeza.com\/en\/wp-json\/wp\/v2\/pages\/3538\/revisions\/3584"}],"wp:attachment":[{"href":"https:\/\/valentinaoropeza.com\/en\/wp-json\/wp\/v2\/media?parent=3538"}],"curies":[{"name":"wp","href":"https:\/\/api.w.org\/{rel}","templated":true}]}}