{"id":3545,"date":"2026-04-15T12:15:44","date_gmt":"2026-04-15T16:15:44","guid":{"rendered":"https:\/\/valentinaoropeza.com\/?page_id=3545"},"modified":"2026-04-15T12:36:05","modified_gmt":"2026-04-15T16:36:05","slug":"public-health","status":"publish","type":"page","link":"https:\/\/valentinaoropeza.com\/en\/public-health\/","title":{"rendered":"Public Health"},"content":{"rendered":"<p>[et_pb_section fb_built=&#8221;1&#8243; fullwidth=&#8221;on&#8221; _builder_version=&#8221;4.16&#8243; bottom_divider_style=&#8221;curve&#8221; bottom_divider_color=&#8221;#ffffff&#8221; bottom_divider_style_tablet=&#8221;none&#8221; bottom_divider_style_phone=&#8221;&#8221; bottom_divider_style_last_edited=&#8221;on|desktop&#8221; locked=&#8221;off&#8221; global_colors_info=&#8221;{}&#8221;][et_pb_fullwidth_header title=&#8221;Public Health&#8221; subhead=&#8221;Public Health&#8221; _builder_version=&#8221;4.27.6&#8243; title_font=&#8221;Shadows Into Light||||||||&#8221; title_text_align=&#8221;center&#8221; title_text_color=&#8221;rgba(0,0,0,0)&#8221; title_font_size=&#8221;50px&#8221; content_font=&#8221;|300|||||||&#8221; content_text_align=&#8221;center&#8221; content_text_color=&#8221;rgba(0,0,0,0)&#8221; content_font_size=&#8221;8px&#8221; content_line_height=&#8221;1em&#8221; subhead_font=&#8221;Zen Old Mincho|900||||on|||&#8221; subhead_text_align=&#8221;center&#8221; subhead_font_size=&#8221;50px&#8221; subhead_line_height=&#8221;2em&#8221; use_background_color_gradient=&#8221;on&#8221; background_color_gradient_type=&#8221;circular&#8221; background_color_gradient_stops=&#8221;rgba(102,11,48,0.3) 0%|rgba(0,0,0,0.6) 100%&#8221; background_color_gradient_start=&#8221;rgba(102,11,48,0.3)&#8221; background_color_gradient_end=&#8221;rgba(0,0,0,0.6)&#8221; background_image=&#8221;https:\/\/valentinaoropeza.com\/wp-content\/uploads\/2020\/08\/ValentinaOropeza-historias-investigaciones.jpg&#8221; background_blend=&#8221;multiply&#8221; custom_padding=&#8221;22px||22px||true|&#8221; subhead_font_size_tablet=&#8221;40px&#8221; subhead_font_size_phone=&#8221;30px&#8221; subhead_font_size_last_edited=&#8221;on|desktop&#8221; subhead_text_shadow_style=&#8221;preset3&#8243; global_colors_info=&#8221;{}&#8221;]<\/p>\n<p>Public Health<\/p>\n<p>[\/et_pb_fullwidth_header][\/et_pb_section][et_pb_section fb_built=&#8221;1&#8243; _builder_version=&#8221;4.16&#8243; background_color=&#8221;#ffffff&#8221; bottom_divider_height=&#8221;70px&#8221; locked=&#8221;off&#8221; global_colors_info=&#8221;{}&#8221;][et_pb_row column_structure=&#8221;1_3,1_3,1_3&#8243; _builder_version=&#8221;4.27.6&#8243; _module_preset=&#8221;default&#8221; animation_style=&#8221;fade&#8221; locked=&#8221;off&#8221; global_colors_info=&#8221;{}&#8221;][et_pb_column type=&#8221;1_3&#8243; _builder_version=&#8221;4.27.6&#8243; _module_preset=&#8221;default&#8221; global_colors_info=&#8221;{}&#8221;][et_pb_blurb title=&#8221;El cient\u00edfico venezolano que demostr\u00f3 la eficacia de una pastilla barata para combatir la malaria&#8221; url=&#8221;https:\/\/www.bbc.com\/mundo\/articles\/cp8jgp1lnlvo&#8221; url_new_window=&#8221;on&#8221; use_icon=&#8221;on&#8221; font_icon=&#8221;&#x45;||divi||400&#8243; icon_placement=&#8221;left&#8221; _builder_version=&#8221;4.27.6&#8243; _module_preset=&#8221;default&#8221; header_level=&#8221;h2&#8243; header_font=&#8221;Zen Old Mincho|900|||||||&#8221; header_font_size=&#8221;18px&#8221; header_line_height=&#8221;1.4em&#8221; body_font=&#8221;Zen Old Mincho|700|||||||&#8221; custom_padding=&#8221;20px||20px||true|false&#8221; header_font_size_tablet=&#8221;18px&#8221; header_font_size_phone=&#8221;16px&#8221; header_font_size_last_edited=&#8221;on|phone&#8221; body_font_size_tablet=&#8221;14px&#8221; body_font_size_phone=&#8221;14px&#8221; body_font_size_last_edited=&#8221;on|desktop&#8221; global_colors_info=&#8221;{}&#8221;]<\/p>\n<p><a href=\"https:\/\/www.bbc.com\/mundo\/articles\/cp8jgp1lnlvo\" target=\"_blank\" rel=\"noopener\"><span style=\"color: #660b30;\"><strong>BBC News Mundo<\/strong><\/span><\/a><\/p>\n<p>[\/et_pb_blurb][\/et_pb_column][et_pb_column type=&#8221;1_3&#8243; _builder_version=&#8221;4.27.6&#8243; _module_preset=&#8221;default&#8221; global_colors_info=&#8221;{}&#8221;][et_pb_blurb title=&#8221;%22Si pudiese sostener un cuchillo, no les pedir\u00eda nada%22: el caso de Pablo Salgueiro, el hombre con ELA que se convirti\u00f3 en s\u00edmbolo de la ley de eutanasia aprobada en Uruguay&#8221; url=&#8221;https:\/\/www.bbc.com\/mundo\/articles\/crexw7y830qo&#8221; url_new_window=&#8221;on&#8221; use_icon=&#8221;on&#8221; font_icon=&#8221;&#x45;||divi||400&#8243; icon_placement=&#8221;left&#8221; _builder_version=&#8221;4.27.6&#8243; _module_preset=&#8221;default&#8221; header_level=&#8221;h2&#8243; header_font=&#8221;Zen Old Mincho|900|||||||&#8221; header_font_size=&#8221;18px&#8221; header_line_height=&#8221;1.4em&#8221; body_font=&#8221;Zen Old Mincho|700|||||||&#8221; custom_padding=&#8221;20px||20px||true|false&#8221; header_font_size_tablet=&#8221;18px&#8221; header_font_size_phone=&#8221;16px&#8221; header_font_size_last_edited=&#8221;on|phone&#8221; body_font_size_tablet=&#8221;14px&#8221; body_font_size_phone=&#8221;14px&#8221; body_font_size_last_edited=&#8221;on|desktop&#8221; global_colors_info=&#8221;{}&#8221;]<\/p>\n<p><a href=\"https:\/\/www.bbc.com\/mundo\/articles\/crexw7y830qo\" target=\"_blank\" rel=\"noopener\"><span style=\"color: #660b30;\"><strong>BBC News Mundo<\/strong><\/span><\/a><\/p>\n<p>[\/et_pb_blurb][\/et_pb_column][et_pb_column type=&#8221;1_3&#8243; _builder_version=&#8221;4.27.6&#8243; _module_preset=&#8221;default&#8221; global_colors_info=&#8221;{}&#8221;][et_pb_blurb title=&#8221;%22A mi hija la obligaron a tener un beb\u00e9 sin cr\u00e1neo%22: qu\u00e9 pas\u00f3 en el %22caso Beatriz%22 por el que El Salvador fue condenado por violencia obst\u00e9trica&#8221; url=&#8221;https:\/\/www.bbc.com\/mundo\/articles\/cre7x70ql01o&#8221; url_new_window=&#8221;on&#8221; use_icon=&#8221;on&#8221; font_icon=&#8221;&#x45;||divi||400&#8243; icon_placement=&#8221;left&#8221; _builder_version=&#8221;4.27.6&#8243; _module_preset=&#8221;default&#8221; header_level=&#8221;h2&#8243; header_font=&#8221;Zen Old Mincho|900|||||||&#8221; header_font_size=&#8221;18px&#8221; header_line_height=&#8221;1.4em&#8221; body_font=&#8221;Zen Old Mincho|700|||||||&#8221; custom_padding=&#8221;20px||20px||true|false&#8221; header_font_size_tablet=&#8221;18px&#8221; header_font_size_phone=&#8221;16px&#8221; header_font_size_last_edited=&#8221;on|phone&#8221; body_font_size_tablet=&#8221;14px&#8221; body_font_size_phone=&#8221;14px&#8221; body_font_size_last_edited=&#8221;on|desktop&#8221; global_colors_info=&#8221;{}&#8221;]<\/p>\n<p><a href=\"https:\/\/www.bbc.com\/mundo\/articles\/cre7x70ql01o\" target=\"_blank\" rel=\"noopener\"><span style=\"color: #660b30;\"><strong>BBC News Mundo<\/strong><\/span><\/a><\/p>\n<p>[\/et_pb_blurb][\/et_pb_column][\/et_pb_row][et_pb_row column_structure=&#8221;1_3,1_3,1_3&#8243; _builder_version=&#8221;4.27.6&#8243; _module_preset=&#8221;default&#8221; animation_style=&#8221;fade&#8221; locked=&#8221;off&#8221; global_colors_info=&#8221;{}&#8221;][et_pb_column type=&#8221;1_3&#8243; _builder_version=&#8221;4.27.6&#8243; _module_preset=&#8221;default&#8221; global_colors_info=&#8221;{}&#8221;][et_pb_blurb title=&#8221;Las cuarentenas de Leo&#8221; url=&#8221;https:\/\/factor.prodavinci.com\/lascuarentenasdeleo\/&#8221; url_new_window=&#8221;on&#8221; use_icon=&#8221;on&#8221; font_icon=&#8221;&#x45;||divi||400&#8243; icon_placement=&#8221;left&#8221; _builder_version=&#8221;4.27.6&#8243; _module_preset=&#8221;default&#8221; header_level=&#8221;h2&#8243; header_font=&#8221;Zen Old Mincho|900|||||||&#8221; header_font_size=&#8221;18px&#8221; header_line_height=&#8221;1.4em&#8221; body_font=&#8221;Zen Old Mincho|700|||||||&#8221; custom_padding=&#8221;20px||20px||true|false&#8221; header_font_size_tablet=&#8221;18px&#8221; header_font_size_phone=&#8221;16px&#8221; header_font_size_last_edited=&#8221;on|phone&#8221; body_font_size_tablet=&#8221;14px&#8221; body_font_size_phone=&#8221;14px&#8221; body_font_size_last_edited=&#8221;on|desktop&#8221; global_colors_info=&#8221;{}&#8221;]<\/p>\n<p><a href=\"https:\/\/factor.prodavinci.com\/lascuarentenasdeleo\/\" target=\"_blank\" rel=\"noopener\"><span style=\"color: #660b30;\"><strong>Prodavinci<\/strong><\/span><\/a><\/p>\n<p>[\/et_pb_blurb][\/et_pb_column][et_pb_column type=&#8221;1_3&#8243; _builder_version=&#8221;4.27.6&#8243; _module_preset=&#8221;default&#8221; global_colors_info=&#8221;{}&#8221;][et_pb_blurb title=&#8221;%22\u00bfQui\u00e9n se va a ocupar de las pacientes si nos persiguen por hacer abortos?%22: la doctora que viaja a los lugares de EE.UU. donde los m\u00e9dicos se sienten amenazados&#8221; url=&#8221;https:\/\/www.bbc.com\/mundo\/articles\/czrgdn7xgj7o&#8221; url_new_window=&#8221;on&#8221; use_icon=&#8221;on&#8221; font_icon=&#8221;&#x45;||divi||400&#8243; icon_placement=&#8221;left&#8221; _builder_version=&#8221;4.27.6&#8243; _module_preset=&#8221;default&#8221; header_level=&#8221;h2&#8243; header_font=&#8221;Zen Old Mincho|900|||||||&#8221; header_font_size=&#8221;18px&#8221; header_line_height=&#8221;1.4em&#8221; body_font=&#8221;Zen Old Mincho|700|||||||&#8221; custom_padding=&#8221;20px||20px||true|false&#8221; header_font_size_tablet=&#8221;18px&#8221; header_font_size_phone=&#8221;16px&#8221; header_font_size_last_edited=&#8221;on|phone&#8221; body_font_size_tablet=&#8221;14px&#8221; body_font_size_phone=&#8221;14px&#8221; body_font_size_last_edited=&#8221;on|desktop&#8221; global_colors_info=&#8221;{}&#8221;]<\/p>\n<p><a href=\"https:\/\/www.bbc.com\/mundo\/articles\/czrgdn7xgj7o\" target=\"_blank\" rel=\"noopener\"><span style=\"color: #660b30;\"><strong>BBC News Mundo<\/strong><\/span><\/a><\/p>\n<p>[\/et_pb_blurb][\/et_pb_column][et_pb_column type=&#8221;1_3&#8243; _builder_version=&#8221;4.27.6&#8243; _module_preset=&#8221;default&#8221; global_colors_info=&#8221;{}&#8221;][et_pb_blurb title=&#8221;%22Me inyect\u00e9 biopol\u00edmeros en las nalgas para complacer a mi pareja y llevo a\u00f1os sufriendo unos dolores insoportables%22&#8243; url=&#8221;https:\/\/www.bbc.com\/mundo\/articles\/c7250yk4k7go&#8221; url_new_window=&#8221;on&#8221; use_icon=&#8221;on&#8221; font_icon=&#8221;&#x45;||divi||400&#8243; icon_placement=&#8221;left&#8221; _builder_version=&#8221;4.27.6&#8243; _module_preset=&#8221;default&#8221; header_level=&#8221;h2&#8243; header_font=&#8221;Zen Old Mincho|900|||||||&#8221; header_font_size=&#8221;18px&#8221; header_line_height=&#8221;1.4em&#8221; body_font=&#8221;Zen Old Mincho|700|||||||&#8221; custom_padding=&#8221;20px||20px||true|false&#8221; header_font_size_tablet=&#8221;18px&#8221; header_font_size_phone=&#8221;16px&#8221; header_font_size_last_edited=&#8221;on|phone&#8221; body_font_size_tablet=&#8221;14px&#8221; body_font_size_phone=&#8221;14px&#8221; body_font_size_last_edited=&#8221;on|desktop&#8221; global_colors_info=&#8221;{}&#8221;]<\/p>\n<p><a href=\"https:\/\/www.bbc.com\/mundo\/articles\/c7250yk4k7go\" target=\"_blank\" rel=\"noopener\"><span style=\"color: #660b30;\"><strong>BBC News Mundo<\/strong><\/span><\/a><\/p>\n<p>[\/et_pb_blurb][\/et_pb_column][\/et_pb_row][et_pb_row _builder_version=&#8221;4.27.6&#8243; _module_preset=&#8221;default&#8221; global_colors_info=&#8221;{}&#8221;][et_pb_column type=&#8221;4_4&#8243; _builder_version=&#8221;4.27.6&#8243; _module_preset=&#8221;default&#8221; global_colors_info=&#8221;{}&#8221;][et_pb_text _builder_version=&#8221;4.27.6&#8243; _module_preset=&#8221;default&#8221; text_font=&#8221;Zen Old Mincho|900|||||||&#8221; text_text_color=&#8221;#88c4dd&#8221; link_font=&#8221;Zen Old Mincho||||||||&#8221; link_text_color=&#8221;#660b30&#8243; text_orientation=&#8221;center&#8221; global_module=&#8221;3550&#8243; saved_tabs=&#8221;all&#8221; global_colors_info=&#8221;{}&#8221; link_text_color__hover=&#8221;#88c4dd&#8221; link_text_color__hover_enabled=&#8221;on|desktop&#8221;]<\/p>\n<p><a href=\"https:\/\/valentinaoropeza.com\/migration\">Migration<\/a> \u00b7 Public Health \u00b7 Human Rigths \u00b7 Gender \u00b7 Crime Organized \u00b7 Investigations<\/p>\n<p>[\/et_pb_text][\/et_pb_column][\/et_pb_row][et_pb_row _builder_version=&#8221;4.16&#8243; _module_preset=&#8221;default&#8221; global_colors_info=&#8221;{}&#8221;][et_pb_column type=&#8221;4_4&#8243; _builder_version=&#8221;4.16&#8243; _module_preset=&#8221;default&#8221; global_colors_info=&#8221;{}&#8221;][et_pb_text _builder_version=&#8221;4.16&#8243; _module_preset=&#8221;default&#8221; text_font=&#8221;|300|||||||&#8221; text_text_color=&#8221;rgba(0,0,0,0)&#8221; text_font_size=&#8221;8px&#8221; text_line_height=&#8221;1em&#8221; global_colors_info=&#8221;{}&#8221;]<\/p>\n<p>Historias<\/p>\n<p>[\/et_pb_text][\/et_pb_column][\/et_pb_row][\/et_pb_section]<\/p>\n","protected":false},"excerpt":{"rendered":"<p>Public HealthBBC News MundoBBC News MundoBBC News MundoProdavinciBBC News MundoBBC News MundoMigration \u00b7 Public Health \u00b7 Human Rigths \u00b7 Gender \u00b7 Crime Organized \u00b7 Investigations Historias<\/p>\n","protected":false},"author":1,"featured_media":0,"parent":0,"menu_order":0,"comment_status":"closed","ping_status":"closed","template":"","meta":{"_et_pb_use_builder":"on","_et_pb_old_content":"","_et_gb_content_width":"","footnotes":""},"class_list":["post-3545","page","type-page","status-publish","hentry"],"yoast_head":"<!-- This site is optimized with the Yoast SEO plugin v27.4 - https:\/\/yoast.com\/product\/yoast-seo-wordpress\/ -->\n<title>Public Health - Valentina Oropeza<\/title>\n<meta name=\"robots\" content=\"index, follow, max-snippet:-1, max-image-preview:large, max-video-preview:-1\" \/>\n<link rel=\"canonical\" href=\"https:\/\/valentinaoropeza.com\/en\/public-health\/\" \/>\n<meta property=\"og:locale\" content=\"en_US\" \/>\n<meta property=\"og:type\" content=\"article\" \/>\n<meta property=\"og:title\" content=\"Public Health - Valentina Oropeza\" \/>\n<meta property=\"og:description\" content=\"Public HealthBBC News MundoBBC News MundoBBC News MundoProdavinciBBC News MundoBBC News MundoMigration \u00b7 Public Health \u00b7 Human Rigths \u00b7 Gender \u00b7 Crime Organized \u00b7 Investigations Historias\" \/>\n<meta property=\"og:url\" content=\"https:\/\/valentinaoropeza.com\/en\/public-health\/\" \/>\n<meta property=\"og:site_name\" content=\"Valentina Oropeza\" \/>\n<meta property=\"article:modified_time\" content=\"2026-04-15T16:36:05+00:00\" \/>\n<meta name=\"twitter:card\" content=\"summary_large_image\" \/>\n<script type=\"application\/ld+json\" class=\"yoast-schema-graph\">{\"@context\":\"https:\\\/\\\/schema.org\",\"@graph\":[{\"@type\":\"WebPage\",\"@id\":\"https:\\\/\\\/valentinaoropeza.com\\\/en\\\/public-health\\\/\",\"url\":\"https:\\\/\\\/valentinaoropeza.com\\\/en\\\/public-health\\\/\",\"name\":\"Public Health - Valentina Oropeza\",\"isPartOf\":{\"@id\":\"https:\\\/\\\/valentinaoropeza.com\\\/en\\\/#website\"},\"datePublished\":\"2026-04-15T16:15:44+00:00\",\"dateModified\":\"2026-04-15T16:36:05+00:00\",\"breadcrumb\":{\"@id\":\"https:\\\/\\\/valentinaoropeza.com\\\/en\\\/public-health\\\/#breadcrumb\"},\"inLanguage\":\"en-US\",\"potentialAction\":[{\"@type\":\"ReadAction\",\"target\":[\"https:\\\/\\\/valentinaoropeza.com\\\/en\\\/public-health\\\/\"]}]},{\"@type\":\"BreadcrumbList\",\"@id\":\"https:\\\/\\\/valentinaoropeza.com\\\/en\\\/public-health\\\/#breadcrumb\",\"itemListElement\":[{\"@type\":\"ListItem\",\"position\":1,\"name\":\"Portada\",\"item\":\"https:\\\/\\\/valentinaoropeza.com\\\/en\\\/\"},{\"@type\":\"ListItem\",\"position\":2,\"name\":\"Public Health\"}]},{\"@type\":\"WebSite\",\"@id\":\"https:\\\/\\\/valentinaoropeza.com\\\/en\\\/#website\",\"url\":\"https:\\\/\\\/valentinaoropeza.com\\\/en\\\/\",\"name\":\"Valentina Oropeza\",\"description\":\"Periodista, Investigadora y Conferencista\",\"potentialAction\":[{\"@type\":\"SearchAction\",\"target\":{\"@type\":\"EntryPoint\",\"urlTemplate\":\"https:\\\/\\\/valentinaoropeza.com\\\/en\\\/?s={search_term_string}\"},\"query-input\":{\"@type\":\"PropertyValueSpecification\",\"valueRequired\":true,\"valueName\":\"search_term_string\"}}],\"inLanguage\":\"en-US\"}]}<\/script>\n<!-- \/ Yoast SEO plugin. -->","yoast_head_json":{"title":"Public Health - Valentina Oropeza","robots":{"index":"index","follow":"follow","max-snippet":"max-snippet:-1","max-image-preview":"max-image-preview:large","max-video-preview":"max-video-preview:-1"},"canonical":"https:\/\/valentinaoropeza.com\/en\/public-health\/","og_locale":"en_US","og_type":"article","og_title":"Public Health - Valentina Oropeza","og_description":"Public HealthBBC News MundoBBC News MundoBBC News MundoProdavinciBBC News MundoBBC News MundoMigration \u00b7 Public Health \u00b7 Human Rigths \u00b7 Gender \u00b7 Crime Organized \u00b7 Investigations Historias","og_url":"https:\/\/valentinaoropeza.com\/en\/public-health\/","og_site_name":"Valentina Oropeza","article_modified_time":"2026-04-15T16:36:05+00:00","twitter_card":"summary_large_image","schema":{"@context":"https:\/\/schema.org","@graph":[{"@type":"WebPage","@id":"https:\/\/valentinaoropeza.com\/en\/public-health\/","url":"https:\/\/valentinaoropeza.com\/en\/public-health\/","name":"Public Health - Valentina Oropeza","isPartOf":{"@id":"https:\/\/valentinaoropeza.com\/en\/#website"},"datePublished":"2026-04-15T16:15:44+00:00","dateModified":"2026-04-15T16:36:05+00:00","breadcrumb":{"@id":"https:\/\/valentinaoropeza.com\/en\/public-health\/#breadcrumb"},"inLanguage":"en-US","potentialAction":[{"@type":"ReadAction","target":["https:\/\/valentinaoropeza.com\/en\/public-health\/"]}]},{"@type":"BreadcrumbList","@id":"https:\/\/valentinaoropeza.com\/en\/public-health\/#breadcrumb","itemListElement":[{"@type":"ListItem","position":1,"name":"Portada","item":"https:\/\/valentinaoropeza.com\/en\/"},{"@type":"ListItem","position":2,"name":"Public Health"}]},{"@type":"WebSite","@id":"https:\/\/valentinaoropeza.com\/en\/#website","url":"https:\/\/valentinaoropeza.com\/en\/","name":"Valentina Oropeza","description":"Periodista, Investigadora y Conferencista","potentialAction":[{"@type":"SearchAction","target":{"@type":"EntryPoint","urlTemplate":"https:\/\/valentinaoropeza.com\/en\/?s={search_term_string}"},"query-input":{"@type":"PropertyValueSpecification","valueRequired":true,"valueName":"search_term_string"}}],"inLanguage":"en-US"}]}},"_links":{"self":[{"href":"https:\/\/valentinaoropeza.com\/en\/wp-json\/wp\/v2\/pages\/3545","targetHints":{"allow":["GET"]}}],"collection":[{"href":"https:\/\/valentinaoropeza.com\/en\/wp-json\/wp\/v2\/pages"}],"about":[{"href":"https:\/\/valentinaoropeza.com\/en\/wp-json\/wp\/v2\/types\/page"}],"author":[{"embeddable":true,"href":"https:\/\/valentinaoropeza.com\/en\/wp-json\/wp\/v2\/users\/1"}],"replies":[{"embeddable":true,"href":"https:\/\/valentinaoropeza.com\/en\/wp-json\/wp\/v2\/comments?post=3545"}],"version-history":[{"count":4,"href":"https:\/\/valentinaoropeza.com\/en\/wp-json\/wp\/v2\/pages\/3545\/revisions"}],"predecessor-version":[{"id":3575,"href":"https:\/\/valentinaoropeza.com\/en\/wp-json\/wp\/v2\/pages\/3545\/revisions\/3575"}],"wp:attachment":[{"href":"https:\/\/valentinaoropeza.com\/en\/wp-json\/wp\/v2\/media?parent=3545"}],"curies":[{"name":"wp","href":"https:\/\/api.w.org\/{rel}","templated":true}]}}