{"id":3566,"date":"2026-04-15T12:31:20","date_gmt":"2026-04-15T16:31:20","guid":{"rendered":"https:\/\/valentinaoropeza.com\/?page_id=3566"},"modified":"2026-04-15T12:34:17","modified_gmt":"2026-04-15T16:34:17","slug":"organized-crime","status":"publish","type":"page","link":"https:\/\/valentinaoropeza.com\/en\/organized-crime\/","title":{"rendered":"Organized Crime"},"content":{"rendered":"<p>[et_pb_section fb_built=&#8221;1&#8243; fullwidth=&#8221;on&#8221; _builder_version=&#8221;4.16&#8243; bottom_divider_style=&#8221;curve&#8221; bottom_divider_color=&#8221;#ffffff&#8221; bottom_divider_style_tablet=&#8221;none&#8221; bottom_divider_style_phone=&#8221;&#8221; bottom_divider_style_last_edited=&#8221;on|desktop&#8221; locked=&#8221;off&#8221; global_colors_info=&#8221;{}&#8221; theme_builder_area=&#8221;post_content&#8221;][et_pb_fullwidth_header title=&#8221;Organized Crime&#8221; subhead=&#8221;Organized Crime&#8221; _builder_version=&#8221;4.27.6&#8243; title_font=&#8221;Shadows Into Light||||||||&#8221; title_text_align=&#8221;center&#8221; title_text_color=&#8221;rgba(0,0,0,0)&#8221; title_font_size=&#8221;50px&#8221; content_font=&#8221;|300|||||||&#8221; content_text_align=&#8221;center&#8221; content_text_color=&#8221;rgba(0,0,0,0)&#8221; content_font_size=&#8221;8px&#8221; content_line_height=&#8221;1em&#8221; subhead_font=&#8221;Zen Old Mincho|900||||on|||&#8221; subhead_text_align=&#8221;center&#8221; subhead_font_size=&#8221;50px&#8221; subhead_line_height=&#8221;2em&#8221; use_background_color_gradient=&#8221;on&#8221; background_color_gradient_type=&#8221;circular&#8221; background_color_gradient_stops=&#8221;rgba(102,11,48,0.3) 0%|rgba(0,0,0,0.6) 100%&#8221; background_color_gradient_start=&#8221;rgba(102,11,48,0.3)&#8221; background_color_gradient_end=&#8221;rgba(0,0,0,0.6)&#8221; background_image=&#8221;https:\/\/valentinaoropeza.com\/wp-content\/uploads\/2020\/08\/ValentinaOropeza-historias-investigaciones.jpg&#8221; background_blend=&#8221;multiply&#8221; custom_padding=&#8221;21px||21px||true|&#8221; hover_enabled=&#8221;0&#8243; subhead_font_size_tablet=&#8221;40px&#8221; subhead_font_size_phone=&#8221;30px&#8221; subhead_font_size_last_edited=&#8221;on|desktop&#8221; subhead_text_shadow_style=&#8221;preset3&#8243; global_colors_info=&#8221;{}&#8221; theme_builder_area=&#8221;post_content&#8221; sticky_enabled=&#8221;0&#8243;]<\/p>\n<p>Organized Crime<\/p>\n<p>[\/et_pb_fullwidth_header][\/et_pb_section][et_pb_section fb_built=&#8221;1&#8243; _builder_version=&#8221;4.16&#8243; background_color=&#8221;#ffffff&#8221; bottom_divider_height=&#8221;70px&#8221; locked=&#8221;off&#8221; global_colors_info=&#8221;{}&#8221; theme_builder_area=&#8221;post_content&#8221;][et_pb_row column_structure=&#8221;1_3,1_3,1_3&#8243; _builder_version=&#8221;4.27.6&#8243; _module_preset=&#8221;default&#8221; animation_style=&#8221;fade&#8221; locked=&#8221;off&#8221; global_colors_info=&#8221;{}&#8221; theme_builder_area=&#8221;post_content&#8221;][et_pb_column type=&#8221;1_3&#8243; _builder_version=&#8221;4.27.6&#8243; _module_preset=&#8221;default&#8221; global_colors_info=&#8221;{}&#8221; theme_builder_area=&#8221;post_content&#8221;][et_pb_blurb title=&#8221;C\u00f3mo el temido Tren de Aragua logr\u00f3 expandir sus tent\u00e1culos por Am\u00e9rica Latina desde una %22lujosa%22 c\u00e1rcel de Venezuela&#8221; url=&#8221;https:\/\/www.bbc.com\/mundo\/noticias-america-latina-65629446&#8243; url_new_window=&#8221;on&#8221; use_icon=&#8221;on&#8221; font_icon=&#8221;&#x45;||divi||400&#8243; icon_placement=&#8221;left&#8221; _builder_version=&#8221;4.27.6&#8243; _module_preset=&#8221;default&#8221; header_level=&#8221;h2&#8243; header_font=&#8221;Zen Old Mincho|900|||||||&#8221; header_font_size=&#8221;18px&#8221; header_line_height=&#8221;1.4em&#8221; body_font=&#8221;Zen Old Mincho|700|||||||&#8221; custom_padding=&#8221;20px||20px||true|false&#8221; header_font_size_tablet=&#8221;18px&#8221; header_font_size_phone=&#8221;16px&#8221; header_font_size_last_edited=&#8221;on|phone&#8221; body_font_size_tablet=&#8221;14px&#8221; body_font_size_phone=&#8221;14px&#8221; body_font_size_last_edited=&#8221;on|desktop&#8221; global_colors_info=&#8221;{}&#8221; theme_builder_area=&#8221;post_content&#8221;]<\/p>\n<p><a href=\"https:\/\/www.bbc.com\/mundo\/noticias-america-latina-65629446\" target=\"_blank\" rel=\"noopener\"><span style=\"color: #660b30;\"><b>BBC News Mundo<\/b><\/span><\/a><\/p>\n<p>[\/et_pb_blurb][\/et_pb_column][et_pb_column type=&#8221;1_3&#8243; _builder_version=&#8221;4.27.6&#8243; _module_preset=&#8221;default&#8221; global_colors_info=&#8221;{}&#8221; theme_builder_area=&#8221;post_content&#8221;][et_pb_blurb title=&#8221;%22Intervenir la c\u00e1rcel de Tocor\u00f3n no significa el fin del Tren de Aragua%22: la megaoperaci\u00f3n del gobierno de Venezuela con 11.000 efectivos para controlar el %22b\u00fanker%22 de la organizaci\u00f3n criminal&#8221; url=&#8221;https:\/\/www.bbc.com\/mundo\/articles\/cv239x9dy50o&#8221; url_new_window=&#8221;on&#8221; use_icon=&#8221;on&#8221; font_icon=&#8221;&#x45;||divi||400&#8243; icon_placement=&#8221;left&#8221; _builder_version=&#8221;4.27.6&#8243; _module_preset=&#8221;default&#8221; header_level=&#8221;h2&#8243; header_font=&#8221;Zen Old Mincho|900|||||||&#8221; header_font_size=&#8221;18px&#8221; header_line_height=&#8221;1.4em&#8221; body_font=&#8221;Zen Old Mincho|700|||||||&#8221; custom_padding=&#8221;20px||20px||true|false&#8221; header_font_size_tablet=&#8221;18px&#8221; header_font_size_phone=&#8221;16px&#8221; header_font_size_last_edited=&#8221;on|phone&#8221; body_font_size_tablet=&#8221;14px&#8221; body_font_size_phone=&#8221;14px&#8221; body_font_size_last_edited=&#8221;on|desktop&#8221; global_colors_info=&#8221;{}&#8221; theme_builder_area=&#8221;post_content&#8221;]<\/p>\n<p><a href=\"https:\/\/www.bbc.com\/mundo\/articles\/cv239x9dy50o\" target=\"_blank\" rel=\"noopener\"><span style=\"color: #660b30;\"><b>BBC News Mundo<\/b><\/span><\/a><\/p>\n<p>[\/et_pb_blurb][\/et_pb_column][et_pb_column type=&#8221;1_3&#8243; _builder_version=&#8221;4.27.6&#8243; _module_preset=&#8221;default&#8221; global_colors_info=&#8221;{}&#8221; theme_builder_area=&#8221;post_content&#8221;][et_pb_blurb title=&#8221;%22M\u00e1tame si quieres, no te tengo miedo%22: las bandas armadas que usan las extorsiones para amenazar a los habitantes de Guayaquil&#8221; url=&#8221;https:\/\/www.bbc.com\/mundo\/noticias-america-latina-63209248&#8243; url_new_window=&#8221;on&#8221; use_icon=&#8221;on&#8221; font_icon=&#8221;&#x45;||divi||400&#8243; icon_placement=&#8221;left&#8221; _builder_version=&#8221;4.27.6&#8243; _module_preset=&#8221;default&#8221; header_level=&#8221;h2&#8243; header_font=&#8221;Zen Old Mincho|900|||||||&#8221; header_font_size=&#8221;18px&#8221; header_line_height=&#8221;1.4em&#8221; body_font=&#8221;Zen Old Mincho|700|||||||&#8221; custom_padding=&#8221;20px||20px||true|false&#8221; header_font_size_tablet=&#8221;18px&#8221; header_font_size_phone=&#8221;16px&#8221; header_font_size_last_edited=&#8221;on|phone&#8221; body_font_size_tablet=&#8221;14px&#8221; body_font_size_phone=&#8221;14px&#8221; body_font_size_last_edited=&#8221;on|desktop&#8221; global_colors_info=&#8221;{}&#8221; theme_builder_area=&#8221;post_content&#8221;]<\/p>\n<p><a href=\"https:\/\/www.bbc.com\/mundo\/noticias-america-latina-63209248\" target=\"_blank\" rel=\"noopener\"><span style=\"color: #660b30;\"><strong>BBC News Mundo<\/strong><\/span><\/a><\/p>\n<p>[\/et_pb_blurb][\/et_pb_column][\/et_pb_row][et_pb_row _builder_version=&#8221;4.27.6&#8243; _module_preset=&#8221;default&#8221; global_colors_info=&#8221;{}&#8221; theme_builder_area=&#8221;post_content&#8221;][et_pb_column type=&#8221;4_4&#8243; _builder_version=&#8221;4.27.6&#8243; _module_preset=&#8221;default&#8221; global_colors_info=&#8221;{}&#8221; theme_builder_area=&#8221;post_content&#8221;][et_pb_text _builder_version=&#8221;4.27.6&#8243; _module_preset=&#8221;default&#8221; text_font=&#8221;Zen Old Mincho|900|||||||&#8221; text_text_color=&#8221;#88c4dd&#8221; link_font=&#8221;Zen Old Mincho||||||||&#8221; link_text_color=&#8221;#660b30&#8243; text_orientation=&#8221;center&#8221; global_module=&#8221;3550&#8243; saved_tabs=&#8221;all&#8221; global_colors_info=&#8221;{}&#8221; link_text_color__hover=&#8221;#88c4dd&#8221; link_text_color__hover_enabled=&#8221;on|desktop&#8221; locked=&#8221;off&#8221; theme_builder_area=&#8221;post_content&#8221;]<\/p>\n<p><a href=\"https:\/\/valentinaoropeza.com\/migration\">Migration<\/a> \u00b7 Public Health \u00b7 Human Rigths \u00b7 Gender \u00b7 Crime Organized \u00b7 Investigations<\/p>\n<p>[\/et_pb_text][\/et_pb_column][\/et_pb_row][et_pb_row _builder_version=&#8221;4.16&#8243; _module_preset=&#8221;default&#8221; global_colors_info=&#8221;{}&#8221; theme_builder_area=&#8221;post_content&#8221;][et_pb_column type=&#8221;4_4&#8243; _builder_version=&#8221;4.16&#8243; _module_preset=&#8221;default&#8221; global_colors_info=&#8221;{}&#8221; theme_builder_area=&#8221;post_content&#8221;][et_pb_text _builder_version=&#8221;4.16&#8243; _module_preset=&#8221;default&#8221; text_font=&#8221;|300|||||||&#8221; text_text_color=&#8221;rgba(0,0,0,0)&#8221; text_font_size=&#8221;8px&#8221; text_line_height=&#8221;1em&#8221; global_colors_info=&#8221;{}&#8221; theme_builder_area=&#8221;post_content&#8221;]<\/p>\n<p>Historias<\/p>\n<p>[\/et_pb_text][\/et_pb_column][\/et_pb_row][\/et_pb_section]<\/p>\n","protected":false},"excerpt":{"rendered":"<p>Organized CrimeBBC News MundoBBC News MundoBBC News MundoMigration \u00b7 Public Health \u00b7 Human Rigths \u00b7 Gender \u00b7 Crime Organized \u00b7 Investigations Historias<\/p>\n","protected":false},"author":1,"featured_media":0,"parent":0,"menu_order":0,"comment_status":"closed","ping_status":"closed","template":"","meta":{"_et_pb_use_builder":"on","_et_pb_old_content":"","_et_gb_content_width":"","footnotes":""},"class_list":["post-3566","page","type-page","status-publish","hentry"],"yoast_head":"<!-- This site is optimized with the Yoast SEO plugin v27.4 - https:\/\/yoast.com\/product\/yoast-seo-wordpress\/ -->\n<title>Organized Crime - Valentina Oropeza<\/title>\n<meta name=\"robots\" content=\"index, follow, max-snippet:-1, max-image-preview:large, max-video-preview:-1\" \/>\n<link rel=\"canonical\" href=\"https:\/\/valentinaoropeza.com\/en\/organized-crime\/\" \/>\n<meta property=\"og:locale\" content=\"en_US\" \/>\n<meta property=\"og:type\" content=\"article\" \/>\n<meta property=\"og:title\" content=\"Organized Crime - Valentina Oropeza\" \/>\n<meta property=\"og:description\" content=\"Organized CrimeBBC News MundoBBC News MundoBBC News MundoMigration \u00b7 Public Health \u00b7 Human Rigths \u00b7 Gender \u00b7 Crime Organized \u00b7 Investigations Historias\" \/>\n<meta property=\"og:url\" content=\"https:\/\/valentinaoropeza.com\/en\/organized-crime\/\" \/>\n<meta property=\"og:site_name\" content=\"Valentina Oropeza\" \/>\n<meta property=\"article:modified_time\" content=\"2026-04-15T16:34:17+00:00\" \/>\n<meta name=\"twitter:card\" content=\"summary_large_image\" \/>\n<script type=\"application\/ld+json\" class=\"yoast-schema-graph\">{\"@context\":\"https:\\\/\\\/schema.org\",\"@graph\":[{\"@type\":\"WebPage\",\"@id\":\"https:\\\/\\\/valentinaoropeza.com\\\/en\\\/organized-crime\\\/\",\"url\":\"https:\\\/\\\/valentinaoropeza.com\\\/en\\\/organized-crime\\\/\",\"name\":\"Organized Crime - Valentina Oropeza\",\"isPartOf\":{\"@id\":\"https:\\\/\\\/valentinaoropeza.com\\\/en\\\/#website\"},\"datePublished\":\"2026-04-15T16:31:20+00:00\",\"dateModified\":\"2026-04-15T16:34:17+00:00\",\"breadcrumb\":{\"@id\":\"https:\\\/\\\/valentinaoropeza.com\\\/en\\\/organized-crime\\\/#breadcrumb\"},\"inLanguage\":\"en-US\",\"potentialAction\":[{\"@type\":\"ReadAction\",\"target\":[\"https:\\\/\\\/valentinaoropeza.com\\\/en\\\/organized-crime\\\/\"]}]},{\"@type\":\"BreadcrumbList\",\"@id\":\"https:\\\/\\\/valentinaoropeza.com\\\/en\\\/organized-crime\\\/#breadcrumb\",\"itemListElement\":[{\"@type\":\"ListItem\",\"position\":1,\"name\":\"Portada\",\"item\":\"https:\\\/\\\/valentinaoropeza.com\\\/en\\\/\"},{\"@type\":\"ListItem\",\"position\":2,\"name\":\"Organized Crime\"}]},{\"@type\":\"WebSite\",\"@id\":\"https:\\\/\\\/valentinaoropeza.com\\\/en\\\/#website\",\"url\":\"https:\\\/\\\/valentinaoropeza.com\\\/en\\\/\",\"name\":\"Valentina Oropeza\",\"description\":\"Periodista, Investigadora y Conferencista\",\"potentialAction\":[{\"@type\":\"SearchAction\",\"target\":{\"@type\":\"EntryPoint\",\"urlTemplate\":\"https:\\\/\\\/valentinaoropeza.com\\\/en\\\/?s={search_term_string}\"},\"query-input\":{\"@type\":\"PropertyValueSpecification\",\"valueRequired\":true,\"valueName\":\"search_term_string\"}}],\"inLanguage\":\"en-US\"}]}<\/script>\n<!-- \/ Yoast SEO plugin. -->","yoast_head_json":{"title":"Organized Crime - Valentina Oropeza","robots":{"index":"index","follow":"follow","max-snippet":"max-snippet:-1","max-image-preview":"max-image-preview:large","max-video-preview":"max-video-preview:-1"},"canonical":"https:\/\/valentinaoropeza.com\/en\/organized-crime\/","og_locale":"en_US","og_type":"article","og_title":"Organized Crime - Valentina Oropeza","og_description":"Organized CrimeBBC News MundoBBC News MundoBBC News MundoMigration \u00b7 Public Health \u00b7 Human Rigths \u00b7 Gender \u00b7 Crime Organized \u00b7 Investigations Historias","og_url":"https:\/\/valentinaoropeza.com\/en\/organized-crime\/","og_site_name":"Valentina Oropeza","article_modified_time":"2026-04-15T16:34:17+00:00","twitter_card":"summary_large_image","schema":{"@context":"https:\/\/schema.org","@graph":[{"@type":"WebPage","@id":"https:\/\/valentinaoropeza.com\/en\/organized-crime\/","url":"https:\/\/valentinaoropeza.com\/en\/organized-crime\/","name":"Organized Crime - Valentina Oropeza","isPartOf":{"@id":"https:\/\/valentinaoropeza.com\/en\/#website"},"datePublished":"2026-04-15T16:31:20+00:00","dateModified":"2026-04-15T16:34:17+00:00","breadcrumb":{"@id":"https:\/\/valentinaoropeza.com\/en\/organized-crime\/#breadcrumb"},"inLanguage":"en-US","potentialAction":[{"@type":"ReadAction","target":["https:\/\/valentinaoropeza.com\/en\/organized-crime\/"]}]},{"@type":"BreadcrumbList","@id":"https:\/\/valentinaoropeza.com\/en\/organized-crime\/#breadcrumb","itemListElement":[{"@type":"ListItem","position":1,"name":"Portada","item":"https:\/\/valentinaoropeza.com\/en\/"},{"@type":"ListItem","position":2,"name":"Organized Crime"}]},{"@type":"WebSite","@id":"https:\/\/valentinaoropeza.com\/en\/#website","url":"https:\/\/valentinaoropeza.com\/en\/","name":"Valentina Oropeza","description":"Periodista, Investigadora y Conferencista","potentialAction":[{"@type":"SearchAction","target":{"@type":"EntryPoint","urlTemplate":"https:\/\/valentinaoropeza.com\/en\/?s={search_term_string}"},"query-input":{"@type":"PropertyValueSpecification","valueRequired":true,"valueName":"search_term_string"}}],"inLanguage":"en-US"}]}},"_links":{"self":[{"href":"https:\/\/valentinaoropeza.com\/en\/wp-json\/wp\/v2\/pages\/3566","targetHints":{"allow":["GET"]}}],"collection":[{"href":"https:\/\/valentinaoropeza.com\/en\/wp-json\/wp\/v2\/pages"}],"about":[{"href":"https:\/\/valentinaoropeza.com\/en\/wp-json\/wp\/v2\/types\/page"}],"author":[{"embeddable":true,"href":"https:\/\/valentinaoropeza.com\/en\/wp-json\/wp\/v2\/users\/1"}],"replies":[{"embeddable":true,"href":"https:\/\/valentinaoropeza.com\/en\/wp-json\/wp\/v2\/comments?post=3566"}],"version-history":[{"count":4,"href":"https:\/\/valentinaoropeza.com\/en\/wp-json\/wp\/v2\/pages\/3566\/revisions"}],"predecessor-version":[{"id":3571,"href":"https:\/\/valentinaoropeza.com\/en\/wp-json\/wp\/v2\/pages\/3566\/revisions\/3571"}],"wp:attachment":[{"href":"https:\/\/valentinaoropeza.com\/en\/wp-json\/wp\/v2\/media?parent=3566"}],"curies":[{"name":"wp","href":"https:\/\/api.w.org\/{rel}","templated":true}]}}